{"id":12368058,"date":"2023-08-31T07:56:14","date_gmt":"2023-08-31T07:56:14","guid":{"rendered":"https:\/\/luxembourg-escort.lu\/?page_id=12368058"},"modified":"2023-08-31T07:56:50","modified_gmt":"2023-08-31T07:56:50","slug":"links","status":"publish","type":"page","link":"https:\/\/luxembourg-escort.lu\/fr\/liens\/","title":{"rendered":"Liens"},"content":{"rendered":"<div class=\"wpb-content-wrapper\"><div class=\"vc_row wpb_row vc_row-fluid\"><\/div><div class=\"wpb_column vc_column_container vc_col-sm-12\"><div class=\"vc_column-inner\"><div class=\"wpb_wrapper\"><\/div><\/div><\/div>\n\t<div class=\"wpb_text_column wpb_content_element\" >\n\t\t<div class=\"wpb_wrapper\">\n\t\t\t\n\t\t<\/div>\n\t<\/div>\n<p class=\"has-text-align-center\">Trouvez les liens vers d\u2019autres sites d\u2019int\u00e9r\u00eat populaires. Si vous souhaitez \u00e9changer des liens ou des banni\u00e8res avec nous, veuillez <a href=\"https:\/\/luxembourg-escort.lu\/fr\/partners\/\">Cliquez ici<\/a> pour les d\u00e9tails de notre banni\u00e8re et de nos liens.<\/p>\r\n<div class=\"wplinktrade\"><div class=\"wplinktrade_stats wplinktrade_links\">\n      <table class=\"stats_table\" callspacing=\"1\">\n      <thead>\n      <tr>\n        <th>Site<\/th>\n        <th>Description<\/th><tr>\n  <td><a href=\"https:\/\/eskorttjejer.net\/\" title=\"Eskorttjejer\" target=\"_blank\">\n        <img decoding=\"async\" data-src=\"https:\/\/luxembourg-escort.lu\/wp-content\/uploads\/wplinktrade\/Eskorte-WP-High-Quality-1.jpg\" alt=\"Eskorttjejer\" width=\"468\" height=\"60\" src=\"data:image\/gif;base64,R0lGODlhAQABAAAAACH5BAEKAAEALAAAAAABAAEAAAICTAEAOw==\" class=\"lazyload\" style=\"--smush-placeholder-width: 468px; --smush-placeholder-aspect-ratio: 468\/60;\" \/>\n      <\/a><\/td>\n  <td><\/td>\n<\/tr><tr>\n  <td><a href=\"https:\/\/amsterdamescort24.nl\/\" title=\"Amsterdam Escorts\" target=\"_blank\">\n        <img decoding=\"async\" data-src=\"https:\/\/luxembourg-escort.lu\/wp-content\/uploads\/wplinktrade\/468x60-banner-2.jpg\" alt=\"Amsterdam Escorts\" width=\"468\" height=\"60\" src=\"data:image\/gif;base64,R0lGODlhAQABAAAAACH5BAEKAAEALAAAAAABAAEAAAICTAEAOw==\" class=\"lazyload\" style=\"--smush-placeholder-width: 468px; --smush-placeholder-aspect-ratio: 468\/60;\" \/>\n      <\/a><\/td>\n  <td><\/td>\n<\/tr><tr>\n  <td><a href=\"https:\/\/amsterdamescorts24.com\/\" title=\"Amsterdam Escorts\" target=\"_blank\">\n        <img decoding=\"async\" data-src=\"https:\/\/luxembourg-escort.lu\/wp-content\/uploads\/wplinktrade\/Banner-amsterdamescorts24.com-468x60-1.jpg\" alt=\"Amsterdam Escorts\" width=\"468\" height=\"60\" src=\"data:image\/gif;base64,R0lGODlhAQABAAAAACH5BAEKAAEALAAAAAABAAEAAAICTAEAOw==\" class=\"lazyload\" style=\"--smush-placeholder-width: 468px; --smush-placeholder-aspect-ratio: 468\/60;\" \/>\n      <\/a><\/td>\n  <td><\/td>\n<\/tr><tr>\n  <td><a href=\"https:\/\/kinky-escorts.nl\/\" title=\"Escort Amsterdam\" target=\"_blank\">\n        <img decoding=\"async\" data-src=\"https:\/\/luxembourg-escort.lu\/wp-content\/uploads\/wplinktrade\/kinky-esc-468x60-1.gif\" alt=\"Escort Amsterdam\" width=\"468\" height=\"60\" src=\"data:image\/gif;base64,R0lGODlhAQABAAAAACH5BAEKAAEALAAAAAABAAEAAAICTAEAOw==\" class=\"lazyload\" style=\"--smush-placeholder-width: 468px; --smush-placeholder-aspect-ratio: 468\/60;\" \/>\n      <\/a><\/td>\n  <td><\/td>\n<\/tr><tr>\n  <td><a href=\"https:\/\/escortinamsterdam.net\/\" title=\"Escort Amsterdam\" target=\"_blank\">\n        <img decoding=\"async\" data-src=\"https:\/\/luxembourg-escort.lu\/wp-content\/uploads\/wplinktrade\/468x60-banner-esc-ams.jpg\" alt=\"Escort Amsterdam\" width=\"468\" height=\"60\" src=\"data:image\/gif;base64,R0lGODlhAQABAAAAACH5BAEKAAEALAAAAAABAAEAAAICTAEAOw==\" class=\"lazyload\" style=\"--smush-placeholder-width: 468px; --smush-placeholder-aspect-ratio: 468\/60;\" \/>\n      <\/a><\/td>\n  <td><\/td>\n<\/tr><tr>\n  <td><a href=\"https:\/\/escortsmexico.net\" title=\"Escorts M\u00e9xico\" target=\"_blank\">\n        <img decoding=\"async\" data-src=\"https:\/\/luxembourg-escort.lu\/wp-content\/uploads\/wplinktrade\/BN468x60.jpg\" alt=\"Escorts M\u00e9xico\" width=\"468\" height=\"60\" src=\"data:image\/gif;base64,R0lGODlhAQABAAAAACH5BAEKAAEALAAAAAABAAEAAAICTAEAOw==\" class=\"lazyload\" style=\"--smush-placeholder-width: 468px; --smush-placeholder-aspect-ratio: 468\/60;\" \/>\n      <\/a><\/td>\n  <td><\/td>\n<\/tr><tr>\n  <td><a href=\"https:\/\/www.escortamsterdam1.com\/\" title=\"Amsterdam Escort Service\" target=\"_blank\">\n        <img decoding=\"async\" data-src=\"https:\/\/luxembourg-escort.lu\/wp-content\/uploads\/wplinktrade\/468x60-dfgh.jpg\" alt=\"Amsterdam Escort Service\" width=\"468\" height=\"60\" src=\"data:image\/gif;base64,R0lGODlhAQABAAAAACH5BAEKAAEALAAAAAABAAEAAAICTAEAOw==\" class=\"lazyload\" style=\"--smush-placeholder-width: 468px; --smush-placeholder-aspect-ratio: 468\/60;\" \/>\n      <\/a><\/td>\n  <td><\/td>\n<\/tr><tr>\n  <td><a href=\"https:\/\/www.amsterdamescort24.nl\/\" title=\"Amsterdam Escorts\" target=\"_blank\">\n        <img decoding=\"async\" data-src=\"https:\/\/luxembourg-escort.lu\/wp-content\/uploads\/wplinktrade\/banner-468x60-1.jpg\" alt=\"Amsterdam Escorts\" width=\"468\" height=\"60\" src=\"data:image\/gif;base64,R0lGODlhAQABAAAAACH5BAEKAAEALAAAAAABAAEAAAICTAEAOw==\" class=\"lazyload\" style=\"--smush-placeholder-width: 468px; --smush-placeholder-aspect-ratio: 468\/60;\" \/>\n      <\/a><\/td>\n  <td><\/td>\n<\/tr><tr>\n  <td><a href=\"https:\/\/www.escortinamsterdam.net\/\" title=\"Escort Amsterdam\" target=\"_blank\">\n        <img decoding=\"async\" data-src=\"https:\/\/luxembourg-escort.lu\/wp-content\/uploads\/wplinktrade\/banner-468x60-1.gif\" alt=\"Escort Amsterdam\" width=\"468\" height=\"60\" src=\"data:image\/gif;base64,R0lGODlhAQABAAAAACH5BAEKAAEALAAAAAABAAEAAAICTAEAOw==\" class=\"lazyload\" style=\"--smush-placeholder-width: 468px; --smush-placeholder-aspect-ratio: 468\/60;\" \/>\n      <\/a><\/td>\n  <td><\/td>\n<\/tr><tr>\n  <td><a href=\"https:\/\/www.kinky-escorts.nl\/\" title=\"Escort Amsterdam\" target=\"_blank\">\n        <img decoding=\"async\" data-src=\"https:\/\/luxembourg-escort.lu\/wp-content\/uploads\/wplinktrade\/kinky-esc-468x60-2.gif\" alt=\"Escort Amsterdam\" width=\"468\" height=\"60\" src=\"data:image\/gif;base64,R0lGODlhAQABAAAAACH5BAEKAAEALAAAAAABAAEAAAICTAEAOw==\" class=\"lazyload\" style=\"--smush-placeholder-width: 468px; --smush-placeholder-aspect-ratio: 468\/60;\" \/>\n      <\/a><\/td>\n  <td><\/td>\n<\/tr><\/tbody><\/table><\/div><\/div>\r\n\r\n<div class=\"wplinktrade\"><div class=\"wplinktrade_stats wplinktrade_links\">\n      <table class=\"stats_table\" callspacing=\"1\">\n      <thead>\n      <tr>\n        <th>Site<\/th>\n        <th>Description<\/th><tr>\n  <td><a href=\"https:\/\/gstaad.flymetoyou.ch\" title=\"Escorts Gstaad\" target=\"_blank\">Escorts Gstaad<\/a><\/td>\n  <td><\/td>  \n<\/tr><tr>\n  <td><a href=\"https:\/\/thotslay.com\" title=\"Best Porn Sites\" target=\"_blank\">Thotslay<\/a><\/td>\n  <td><\/td>  \n<\/tr><tr>\n  <td><a href=\"https:\/\/interracialxxx.xyz\" title=\"Free Interracial Porn\" target=\"_blank\">Interracialxxx<\/a><\/td>\n  <td><\/td>  \n<\/tr><tr>\n  <td><a href=\"https:\/\/freebbwporn.xyz\" title=\"Free BBW Porn\" target=\"_blank\">Free BBW Porn<\/a><\/td>\n  <td><\/td>  \n<\/tr><tr>\n  <td><a href=\"https:\/\/freecartoonporn.xyz\" title=\"Free Cartoon Porn\" target=\"_blank\">Free Cartoon Porn<\/a><\/td>\n  <td><\/td>  \n<\/tr><tr>\n  <td><a href=\"https:\/\/freeindianporn.xyz\" title=\"Free Indian Porn\" target=\"_blank\">Free Indian Porn<\/a><\/td>\n  <td><\/td>  \n<\/tr><tr>\n  <td><a href=\"https:\/\/freelesbianporn.xyz\" title=\"Free Lesbian Porn\" target=\"_blank\">Free Lesbian Porn<\/a><\/td>\n  <td><\/td>  \n<\/tr><tr>\n  <td><a href=\"https:\/\/leakdump.com\" title=\"LeakDump\" target=\"_blank\">LeakDump<\/a><\/td>\n  <td><\/td>  \n<\/tr><tr>\n  <td><a href=\"https:\/\/indianporndude.com\" title=\"Indian Porn Sites\" target=\"_blank\">Indian Porn Dude<\/a><\/td>\n  <td><\/td>  \n<\/tr><tr>\n  <td><a href=\"https:\/\/hookupian.com\" title=\"Hookupian\" target=\"_blank\">Hookupian<\/a><\/td>\n  <td><\/td>  \n<\/tr><\/tbody><\/table><\/div><\/div><\/div>","protected":false},"excerpt":{"rendered":"","protected":false},"author":8,"featured_media":0,"parent":0,"menu_order":0,"comment_status":"closed","ping_status":"closed","template":"","meta":{"footnotes":""},"class_list":["post-12368058","page","type-page","status-publish","hentry"],"yoast_head":"<!-- This site is optimized with the Yoast SEO Premium plugin v22.3 (Yoast SEO v24.7) - https:\/\/yoast.com\/wordpress\/plugins\/seo\/ -->\n<title>Links<\/title>\n<meta name=\"robots\" content=\"index, follow, max-snippet:-1, max-image-preview:large, max-video-preview:-1\" \/>\n<link rel=\"canonical\" href=\"https:\/\/luxembourg-escort.lu\/fr\/liens\/\" \/>\n<meta property=\"og:locale\" content=\"fr_FR\" \/>\n<meta property=\"og:type\" content=\"article\" \/>\n<meta property=\"og:title\" content=\"Links\" \/>\n<meta property=\"og:url\" content=\"https:\/\/luxembourg-escort.lu\/fr\/liens\/\" \/>\n<meta property=\"og:site_name\" content=\"Luxembourg Escort Girls\" \/>\n<meta property=\"article:modified_time\" content=\"2023-08-31T07:56:50+00:00\" \/>\n<meta property=\"og:image\" content=\"https:\/\/luxembourg-escort.lu\/wp-content\/uploads\/2023\/06\/images.jpeg\" \/>\n\t<meta property=\"og:image:width\" content=\"284\" \/>\n\t<meta property=\"og:image:height\" content=\"177\" \/>\n\t<meta property=\"og:image:type\" content=\"image\/jpeg\" \/>\n<meta name=\"twitter:card\" content=\"summary_large_image\" \/>\n<meta name=\"twitter:label1\" content=\"Dur\u00e9e de lecture estim\u00e9e\" \/>\n\t<meta name=\"twitter:data1\" content=\"1 minute\" \/>\n<script type=\"application\/ld+json\" class=\"yoast-schema-graph\">{\"@context\":\"https:\/\/schema.org\",\"@graph\":[{\"@type\":\"WebPage\",\"@id\":\"https:\/\/luxembourg-escort.lu\/links\/\",\"url\":\"https:\/\/luxembourg-escort.lu\/links\/\",\"name\":\"Links\",\"isPartOf\":{\"@id\":\"https:\/\/luxembourg-escort.lu\/#website\"},\"datePublished\":\"2023-08-31T07:56:14+00:00\",\"dateModified\":\"2023-08-31T07:56:50+00:00\",\"breadcrumb\":{\"@id\":\"https:\/\/luxembourg-escort.lu\/links\/#breadcrumb\"},\"inLanguage\":\"fr-FR\",\"potentialAction\":[{\"@type\":\"ReadAction\",\"target\":[\"https:\/\/luxembourg-escort.lu\/links\/\"]}]},{\"@type\":\"BreadcrumbList\",\"@id\":\"https:\/\/luxembourg-escort.lu\/links\/#breadcrumb\",\"itemListElement\":[{\"@type\":\"ListItem\",\"position\":1,\"name\":\"Home\",\"item\":\"https:\/\/luxembourg-escort.lu\/\"},{\"@type\":\"ListItem\",\"position\":2,\"name\":\"Links\"}]},{\"@type\":\"WebSite\",\"@id\":\"https:\/\/luxembourg-escort.lu\/#website\",\"url\":\"https:\/\/luxembourg-escort.lu\/\",\"name\":\"Singapore Escorts\",\"description\":\"The Best Luxembourg Escorts\",\"publisher\":{\"@id\":\"https:\/\/luxembourg-escort.lu\/#organization\"},\"alternateName\":\"Escorts\",\"potentialAction\":[{\"@type\":\"SearchAction\",\"target\":{\"@type\":\"EntryPoint\",\"urlTemplate\":\"https:\/\/luxembourg-escort.lu\/?s={search_term_string}\"},\"query-input\":{\"@type\":\"PropertyValueSpecification\",\"valueRequired\":true,\"valueName\":\"search_term_string\"}}],\"inLanguage\":\"fr-FR\"},{\"@type\":\"Organization\",\"@id\":\"https:\/\/luxembourg-escort.lu\/#organization\",\"name\":\"Singapore Escorts\",\"url\":\"https:\/\/luxembourg-escort.lu\/\",\"logo\":{\"@type\":\"ImageObject\",\"inLanguage\":\"fr-FR\",\"@id\":\"https:\/\/luxembourg-escort.lu\/#\/schema\/logo\/image\/\",\"url\":\"https:\/\/luxembourg-escort.lu\/wp-content\/uploads\/2023\/06\/cropped-Luxembourg-escort.lu-275-\u00d7-75px-4.png\",\"contentUrl\":\"https:\/\/luxembourg-escort.lu\/wp-content\/uploads\/2023\/06\/cropped-Luxembourg-escort.lu-275-\u00d7-75px-4.png\",\"width\":244,\"height\":75,\"caption\":\"Singapore Escorts\"},\"image\":{\"@id\":\"https:\/\/luxembourg-escort.lu\/#\/schema\/logo\/image\/\"}}]}<\/script>\n<!-- \/ Yoast SEO Premium plugin. -->","yoast_head_json":{"title":"Links","robots":{"index":"index","follow":"follow","max-snippet":"max-snippet:-1","max-image-preview":"max-image-preview:large","max-video-preview":"max-video-preview:-1"},"canonical":"https:\/\/luxembourg-escort.lu\/fr\/liens\/","og_locale":"fr_FR","og_type":"article","og_title":"Links","og_url":"https:\/\/luxembourg-escort.lu\/fr\/liens\/","og_site_name":"Luxembourg Escort Girls","article_modified_time":"2023-08-31T07:56:50+00:00","og_image":[{"width":284,"height":177,"url":"https:\/\/luxembourg-escort.lu\/wp-content\/uploads\/2023\/06\/images.jpeg","type":"image\/jpeg"}],"twitter_card":"summary_large_image","twitter_misc":{"Dur\u00e9e de lecture estim\u00e9e":"1 minute"},"schema":{"@context":"https:\/\/schema.org","@graph":[{"@type":"WebPage","@id":"https:\/\/luxembourg-escort.lu\/links\/","url":"https:\/\/luxembourg-escort.lu\/links\/","name":"Links","isPartOf":{"@id":"https:\/\/luxembourg-escort.lu\/#website"},"datePublished":"2023-08-31T07:56:14+00:00","dateModified":"2023-08-31T07:56:50+00:00","breadcrumb":{"@id":"https:\/\/luxembourg-escort.lu\/links\/#breadcrumb"},"inLanguage":"fr-FR","potentialAction":[{"@type":"ReadAction","target":["https:\/\/luxembourg-escort.lu\/links\/"]}]},{"@type":"BreadcrumbList","@id":"https:\/\/luxembourg-escort.lu\/links\/#breadcrumb","itemListElement":[{"@type":"ListItem","position":1,"name":"Home","item":"https:\/\/luxembourg-escort.lu\/"},{"@type":"ListItem","position":2,"name":"Links"}]},{"@type":"WebSite","@id":"https:\/\/luxembourg-escort.lu\/#website","url":"https:\/\/luxembourg-escort.lu\/","name":"Singapore Escorts","description":"The Best Luxembourg Escorts","publisher":{"@id":"https:\/\/luxembourg-escort.lu\/#organization"},"alternateName":"Escorts","potentialAction":[{"@type":"SearchAction","target":{"@type":"EntryPoint","urlTemplate":"https:\/\/luxembourg-escort.lu\/?s={search_term_string}"},"query-input":{"@type":"PropertyValueSpecification","valueRequired":true,"valueName":"search_term_string"}}],"inLanguage":"fr-FR"},{"@type":"Organization","@id":"https:\/\/luxembourg-escort.lu\/#organization","name":"Singapore Escorts","url":"https:\/\/luxembourg-escort.lu\/","logo":{"@type":"ImageObject","inLanguage":"fr-FR","@id":"https:\/\/luxembourg-escort.lu\/#\/schema\/logo\/image\/","url":"https:\/\/luxembourg-escort.lu\/wp-content\/uploads\/2023\/06\/cropped-Luxembourg-escort.lu-275-\u00d7-75px-4.png","contentUrl":"https:\/\/luxembourg-escort.lu\/wp-content\/uploads\/2023\/06\/cropped-Luxembourg-escort.lu-275-\u00d7-75px-4.png","width":244,"height":75,"caption":"Singapore Escorts"},"image":{"@id":"https:\/\/luxembourg-escort.lu\/#\/schema\/logo\/image\/"}}]}},"_links":{"self":[{"href":"https:\/\/luxembourg-escort.lu\/fr\/wp-json\/wp\/v2\/pages\/12368058","targetHints":{"allow":["GET"]}}],"collection":[{"href":"https:\/\/luxembourg-escort.lu\/fr\/wp-json\/wp\/v2\/pages"}],"about":[{"href":"https:\/\/luxembourg-escort.lu\/fr\/wp-json\/wp\/v2\/types\/page"}],"author":[{"embeddable":true,"href":"https:\/\/luxembourg-escort.lu\/fr\/wp-json\/wp\/v2\/users\/8"}],"replies":[{"embeddable":true,"href":"https:\/\/luxembourg-escort.lu\/fr\/wp-json\/wp\/v2\/comments?post=12368058"}],"version-history":[{"count":2,"href":"https:\/\/luxembourg-escort.lu\/fr\/wp-json\/wp\/v2\/pages\/12368058\/revisions"}],"predecessor-version":[{"id":12368062,"href":"https:\/\/luxembourg-escort.lu\/fr\/wp-json\/wp\/v2\/pages\/12368058\/revisions\/12368062"}],"wp:attachment":[{"href":"https:\/\/luxembourg-escort.lu\/fr\/wp-json\/wp\/v2\/media?parent=12368058"}],"curies":[{"name":"wp","href":"https:\/\/api.w.org\/{rel}","templated":true}]}}